{"id":30,"date":"2015-01-19T19:40:34","date_gmt":"2015-01-19T19:40:34","guid":{"rendered":"https:\/\/roromusic.ee\/?page_id=30"},"modified":"2025-11-26T23:26:59","modified_gmt":"2025-11-26T23:26:59","slug":"klaverihaalestaja-kui-metsasarvemangija","status":"publish","type":"page","link":"https:\/\/roromusic.ee\/en\/klaverihaalestaja-kui-metsasarvemangija\/","title":{"rendered":"Piano tuner like horn player"},"content":{"rendered":"<p><div id=\"attachment_196\" style=\"width: 520px\" class=\"wp-caption alignnone\"><img loading=\"lazy\" decoding=\"async\" aria-describedby=\"caption-attachment-196\" class=\"wp-image-196\" src=\"https:\/\/roromusic.ee\/wp-content\/uploads\/2015\/01\/CAM00036-1024x576.jpg\" alt=\"CAM00036\" width=\"510\" height=\"287\" srcset=\"https:\/\/roromusic.ee\/wp-content\/uploads\/2015\/01\/CAM00036-1024x576.jpg 1024w, https:\/\/roromusic.ee\/wp-content\/uploads\/2015\/01\/CAM00036-300x169.jpg 300w\" sizes=\"auto, (max-width: 510px) 100vw, 510px\" \/><p id=\"caption-attachment-196\" class=\"wp-caption-text\"><br \/>\n<\/a><br \/>\nThe French horn is a beautiful and divine instrument \u2014 when you know how to play it =)<br \/><\/p><\/div><\/p>\n<p>Piano tuner Rodion is also actively working as a French horn player. After graduating from the Estonian Academy of Theatre and Music (EMTA), he joined the Police and Border Guard Board Orchestra as a member of the horn section (<strong>Rodion, Aivo Aasmaa and Marge Jegers<\/strong>). The orchestra\u2019s conductors are <a href=\"https:\/\/et.wikipedia.org\/wiki\/Hando_P%C3%B5ldm%C3%A4e\"><strong>Hando P\u00f5ldm\u00e4e<\/strong><\/a> and <a href=\"https:\/\/et.wikipedia.org\/wiki\/Arvi_Miido\"><strong>Arvi Miido<\/strong><\/a>.<\/p>\n<div id=\"attachment_131\" style=\"width: 409px\" class=\"wp-caption alignnone\"><img loading=\"lazy\" decoding=\"async\" aria-describedby=\"caption-attachment-131\" class=\"wp-image-131\" src=\"https:\/\/roromusic.ee\/wp-content\/uploads\/2015\/01\/PiPo-sarved-1024x768.jpg\" alt=\"PiPo sarved\" width=\"399\" height=\"299\" srcset=\"https:\/\/roromusic.ee\/wp-content\/uploads\/2015\/01\/PiPo-sarved-1024x768.jpg 1024w, https:\/\/roromusic.ee\/wp-content\/uploads\/2015\/01\/PiPo-sarved-300x225.jpg 300w\" sizes=\"auto, (max-width: 399px) 100vw, 399px\" \/><p id=\"caption-attachment-131\" class=\"wp-caption-text\"><br \/>\n<\/a><br \/>\nFrom left to right: A. Aasmaa, me, A. Miido, M. Jegers. Rehearsing a quartet in the orchestra room.<br \/><\/p><\/div>\n<p>In addition to his orchestra work, Rodion performs in various ensembles. You can book us for festive as well as solemn occasions. For weddings, ceremonies, and birthdays, the brass quintet <a href=\"https:\/\/www.youtube.com\/watch?v=I6WKjbA-Cvw\">Silver Bell<\/a> will play dance music for you. Silver Bell consists of Estonia\u2019s top musicians. This brass quintet is made up of five professional musicians united by a passion for brass music \u2014 so strong that they often want to gather after their main work to enjoy playing together. This small but mobile ensemble, consisting of trumpets, French horn, trombone, and tuba, and when needed also drums, can perform a very wide range of music and essentially becomes a small orchestra that always sounds bright and uplifting.<\/p>\n<p><a href=\"https:\/\/roromusic.ee\/wp-content\/uploads\/2015\/01\/Silver-Bell-Aleksandri-kirik-2014.jpg\"><br \/>\n    <img loading=\"lazy\" decoding=\"async\" class=\"alignnone wp-image-132\" src=\"https:\/\/roromusic.ee\/wp-content\/uploads\/2015\/01\/Silver-Bell-Aleksandri-kirik-2014.jpg\" alt=\"Silver-Bell Aleksandri kirik 2014\" width=\"347\" height=\"462\" srcset=\"https:\/\/roromusic.ee\/wp-content\/uploads\/2015\/01\/Silver-Bell-Aleksandri-kirik-2014.jpg 720w, https:\/\/roromusic.ee\/wp-content\/uploads\/2015\/01\/Silver-Bell-Aleksandri-kirik-2014-225x300.jpg 225w\" sizes=\"auto, (max-width: 347px) 100vw, 347px\" \/><br \/>\n<\/a><\/p>\n<p>They perform at cultural and sports events, music festivals, and parades, giving concerts both outdoors and in concert halls, in Tallinn and elsewhere in Estonia. During the season, they give around twenty performances. Their repertoire includes music from the Baroque era to contemporary works, from classical to light music.<\/p>\n<p>At funerals, a French horn quartet will accompany the farewell ceremony in the chapel, church, or graveside. ERSO horn players: T\u00f5nu K\u00fcnnapas, Kalmer Kiik, Aleksandr Aleksejev, Valdek P\u00f5ld, Mattias Vihmann.<\/p>\n<div id=\"attachment_186\" style=\"width: 499px\" class=\"wp-caption alignnone\"><img loading=\"lazy\" decoding=\"async\" aria-describedby=\"caption-attachment-186\" class=\"wp-image-186\" src=\"https:\/\/roromusic.ee\/wp-content\/uploads\/2015\/01\/T\u00f5nu-kvartett-mattused-N\u00f5mme-kalmistul-1024x681.jpg\" alt=\"T\u00f5nu kvartett, mattused N\u00f5mme kalmistul\" width=\"489\" height=\"325\" srcset=\"https:\/\/roromusic.ee\/wp-content\/uploads\/2015\/01\/T\u00f5nu-kvartett-mattused-N\u00f5mme-kalmistul-1024x681.jpg 1024w, https:\/\/roromusic.ee\/wp-content\/uploads\/2015\/01\/T\u00f5nu-kvartett-mattused-N\u00f5mme-kalmistul-300x200.jpg 300w\" sizes=\"auto, (max-width: 489px) 100vw, 489px\" \/><p id=\"caption-attachment-186\" class=\"wp-caption-text\"><br \/>\n<\/a><br \/>\nAt N\u00f5mme cemetery. This time only three of us: me, T\u00f5nu K\u00fcnnapas and Valdek P\u00f5ld.<br \/><\/p><\/div>\n<div id=\"attachment_219\" style=\"width: 516px\" class=\"wp-caption alignnone\"><img loading=\"lazy\" decoding=\"async\" aria-describedby=\"caption-attachment-219\" class=\"wp-image-219\" src=\"https:\/\/roromusic.ee\/wp-content\/uploads\/2015\/01\/mattus-1024x576.jpg\" alt=\"mattus\" width=\"506\" height=\"285\" srcset=\"https:\/\/roromusic.ee\/wp-content\/uploads\/2015\/01\/mattus-1024x576.jpg 1024w, https:\/\/roromusic.ee\/wp-content\/uploads\/2015\/01\/mattus-300x169.jpg 300w, https:\/\/roromusic.ee\/wp-content\/uploads\/2015\/01\/mattus.jpg 1164w\" sizes=\"auto, (max-width: 506px) 100vw, 506px\" \/><p id=\"caption-attachment-219\" class=\"wp-caption-text\"><br \/>\nValdek P\u00f5ld, Sass, T\u00f5nu K\u00fcnnapas (from left to right). Me with the camera.<br \/><\/p><\/div>\n<p>By the way, Estonian French horn players are the friendliest and nicest people.<\/p>\n<p><a href=\"https:\/\/roromusic.ee\/wp-content\/uploads\/2015\/01\/unnamed.jpg\"><br \/>\n    <img loading=\"lazy\" decoding=\"async\" class=\"alignnone wp-image-130\" src=\"https:\/\/roromusic.ee\/wp-content\/uploads\/2015\/01\/unnamed-1024x575.jpg\" alt=\"unnamed\" width=\"581\" height=\"326\" srcset=\"https:\/\/roromusic.ee\/wp-content\/uploads\/2015\/01\/unnamed-1024x575.jpg 1024w, https:\/\/roromusic.ee\/wp-content\/uploads\/2015\/01\/unnamed-300x169.jpg 300w, https:\/\/roromusic.ee\/wp-content\/uploads\/2015\/01\/unnamed.jpg 2045w\" sizes=\"auto, (max-width: 581px) 100vw, 581px\" \/><br \/>\n<\/a><\/p>","protected":false},"excerpt":{"rendered":"<p>Piano tuner Rodion is also actively working as a French horn player. After graduating from the Estonian Academy of Theatre and Music (EMTA), he joined the Police and Border Guard Board Orchestra as a member of the horn section (Rodion, Aivo Aasmaa and Marge Jegers). The orchestra\u2019s conductors are Hando P\u00f5ldm\u00e4e and Arvi Miido. In&#8230; <\/p>\n<div class=\"read-more navbutton\"><a href=\"https:\/\/roromusic.ee\/en\/klaverihaalestaja-kui-metsasarvemangija\/\">Read More<i class=\"fa fa-angle-double-right\"><\/i><\/a><\/div>\n","protected":false},"author":2,"featured_media":0,"parent":0,"menu_order":0,"comment_status":"closed","ping_status":"closed","template":"","meta":{"footnotes":""},"class_list":["post-30","page","type-page","status-publish","hentry"],"_links":{"self":[{"href":"https:\/\/roromusic.ee\/en\/wp-json\/wp\/v2\/pages\/30","targetHints":{"allow":["GET"]}}],"collection":[{"href":"https:\/\/roromusic.ee\/en\/wp-json\/wp\/v2\/pages"}],"about":[{"href":"https:\/\/roromusic.ee\/en\/wp-json\/wp\/v2\/types\/page"}],"author":[{"embeddable":true,"href":"https:\/\/roromusic.ee\/en\/wp-json\/wp\/v2\/users\/2"}],"replies":[{"embeddable":true,"href":"https:\/\/roromusic.ee\/en\/wp-json\/wp\/v2\/comments?post=30"}],"version-history":[{"count":18,"href":"https:\/\/roromusic.ee\/en\/wp-json\/wp\/v2\/pages\/30\/revisions"}],"predecessor-version":[{"id":280,"href":"https:\/\/roromusic.ee\/en\/wp-json\/wp\/v2\/pages\/30\/revisions\/280"}],"wp:attachment":[{"href":"https:\/\/roromusic.ee\/en\/wp-json\/wp\/v2\/media?parent=30"}],"curies":[{"name":"wp","href":"https:\/\/api.w.org\/{rel}","templated":true}]}}